{"id":2923,"date":"2019-12-23T15:03:12","date_gmt":"2019-12-23T14:03:12","guid":{"rendered":"http:\/\/navitas-umweltservice.de\/?page_id=2923"},"modified":"2020-07-28T12:26:24","modified_gmt":"2020-07-28T10:26:24","slug":"hygieneinspektion-nach-vdi-6022","status":"publish","type":"page","link":"https:\/\/navitas-umweltservice.de\/?page_id=2923","title":{"rendered":"Hygieneinspektion nach VDI 6022"},"content":{"rendered":"\n<p>Eine grundlegende Ma\u00dfnahme der VDI 6022 ist die Hygieneinspektion. Hierzu wird der Hygienezustand der gesamten Raumluftechnischen Anlage sowie einzelner Komponenten periodisch feststellt und dokumentiert. Das Ziel der Inspektion ist die grunds\u00e4tzliche Erkennung von Hygienem\u00e4ngeln und die Veranlassung der M\u00e4ngelbeseitigung.<\/p>\n\n\n\n<p>Die Hygieneinspektion ist in Abst\u00e4nden von 2 Jahren, f\u00fcr Anlagen mit Luftbefeuchter bzw. von 3 Jahren, f\u00fcr Anlagen ohne Luftbefeuchter, vorzunehmen. Die Anlagenpr\u00fcfung wird durch unser qualifiziertes Personal durchgef\u00fchrt, um im \u201eErnstfall\u201c rechtssicher zu sein.<\/p>\n\n\n\n<p>Unser Unternehmen f\u00fchrt die Reinigung sowie Desinfektion von L\u00fcftungskan\u00e4len durch. Sie k\u00f6nnen sicher sein, Hygieneinspektionen werden von uns loyal und neutral vor- und nach der Reinigung durchgef\u00fchrt.   <\/p>\n\n\n\nngg_shortcode_0_placeholder\n","protected":false},"excerpt":{"rendered":"<p>Eine grundlegende Ma\u00dfnahme der VDI 6022 ist die Hygieneinspektion. Hierzu wird der Hygienezustand der gesamten Raumluftechnischen Anlage sowie einzelner Komponenten periodisch feststellt und dokumentiert. Das Ziel der Inspektion ist die grunds\u00e4tzliche Erkennung von Hygienem\u00e4ngeln und die Veranlassung der M\u00e4ngelbeseitigung. Die Hygieneinspektion ist in Abst\u00e4nden von 2 Jahren, f\u00fcr Anlagen mit Luftbefeuchter bzw. von 3 Jahren, [&hellip;]<\/p>\n","protected":false},"author":1,"featured_media":0,"parent":0,"menu_order":0,"comment_status":"closed","ping_status":"closed","template":"","meta":{"ngg_post_thumbnail":0,"footnotes":""},"class_list":["post-2923","page","type-page","status-publish","hentry"],"_links":{"self":[{"href":"https:\/\/navitas-umweltservice.de\/index.php?rest_route=\/wp\/v2\/pages\/2923","targetHints":{"allow":["GET"]}}],"collection":[{"href":"https:\/\/navitas-umweltservice.de\/index.php?rest_route=\/wp\/v2\/pages"}],"about":[{"href":"https:\/\/navitas-umweltservice.de\/index.php?rest_route=\/wp\/v2\/types\/page"}],"author":[{"embeddable":true,"href":"https:\/\/navitas-umweltservice.de\/index.php?rest_route=\/wp\/v2\/users\/1"}],"replies":[{"embeddable":true,"href":"https:\/\/navitas-umweltservice.de\/index.php?rest_route=%2Fwp%2Fv2%2Fcomments&post=2923"}],"version-history":[{"count":8,"href":"https:\/\/navitas-umweltservice.de\/index.php?rest_route=\/wp\/v2\/pages\/2923\/revisions"}],"predecessor-version":[{"id":3231,"href":"https:\/\/navitas-umweltservice.de\/index.php?rest_route=\/wp\/v2\/pages\/2923\/revisions\/3231"}],"wp:attachment":[{"href":"https:\/\/navitas-umweltservice.de\/index.php?rest_route=%2Fwp%2Fv2%2Fmedia&parent=2923"}],"curies":[{"name":"wp","href":"https:\/\/api.w.org\/{rel}","templated":true}]}}